{"id":34,"date":"2025-02-21T19:27:31","date_gmt":"2025-02-21T19:27:31","guid":{"rendered":"https:\/\/franciscorocha.com\/web\/?page_id=34"},"modified":"2025-12-18T17:22:30","modified_gmt":"2025-12-18T17:22:30","slug":"rocha-fused","status":"publish","type":"page","link":"https:\/\/franciscorocha.com\/site\/rocha-fused\/","title":{"rendered":"ROCHA FUSED"},"content":{"rendered":"\t\t<div data-elementor-type=\"wp-page\" data-elementor-id=\"34\" class=\"elementor elementor-34\" data-elementor-settings=\"{&quot;ha_cmc_init_switcher&quot;:&quot;no&quot;}\">\n\t\t\t\t\t\t<section class=\"elementor-section elementor-top-section elementor-element elementor-element-10577acb elementor-section-height-min-height elementor-section-boxed elementor-section-height-default elementor-section-items-middle wpr-particle-no wpr-jarallax-no wpr-parallax-no wpr-sticky-section-no wpr-column-slider-no wpr-equal-height-no elementor-invisible\" data-id=\"10577acb\" data-element_type=\"section\" data-e-type=\"section\" data-settings=\"{&quot;background_background&quot;:&quot;classic&quot;,&quot;animation&quot;:&quot;fadeInDown&quot;,&quot;_ha_eqh_enable&quot;:false}\">\n\t\t\t\t\t\t\t<div class=\"elementor-background-overlay\"><\/div>\n\t\t\t\t\t\t\t<div class=\"elementor-container elementor-column-gap-default\">\n\t\t\t\t\t<div class=\"elementor-column elementor-col-100 elementor-top-column elementor-element elementor-element-70ba3ad7\" data-id=\"70ba3ad7\" data-element_type=\"column\" data-e-type=\"column\">\n\t\t\t<div class=\"elementor-widget-wrap elementor-element-populated\">\n\t\t\t\t\t\t<div class=\"elementor-element elementor-element-660306a5 elementor-widget elementor-widget-heading\" data-id=\"660306a5\" data-element_type=\"widget\" data-e-type=\"widget\" data-widget_type=\"heading.default\">\n\t\t\t\t<div class=\"elementor-widget-container\">\n\t\t\t\t\t<h2 class=\"elementor-heading-title elementor-size-default\">ROCHA FUSED<\/h2>\t\t\t\t<\/div>\n\t\t\t\t<\/div>\n\t\t\t\t\t<\/div>\n\t\t<\/div>\n\t\t\t\t\t<\/div>\n\t\t<\/section>\n\t\t<div class=\"elementor-element elementor-element-80df612 e-flex e-con-boxed wpr-particle-no wpr-jarallax-no wpr-parallax-no wpr-sticky-section-no wpr-column-slider-no wpr-equal-height-no e-con e-parent\" data-id=\"80df612\" data-element_type=\"container\" data-e-type=\"container\" data-settings=\"{&quot;_ha_eqh_enable&quot;:false}\">\n\t\t\t\t\t<div class=\"e-con-inner\">\n\t\t\t\t<div class=\"elementor-element elementor-element-53574deb elementor-widget elementor-widget-heading\" data-id=\"53574deb\" data-element_type=\"widget\" data-e-type=\"widget\" data-widget_type=\"heading.default\">\n\t\t\t\t<div class=\"elementor-widget-container\">\n\t\t\t\t\t<h2 class=\"elementor-heading-title elementor-size-default\">Detalles<\/h2>\t\t\t\t<\/div>\n\t\t\t\t<\/div>\n\t\t\t\t\t<\/div>\n\t\t\t\t<\/div>\n\t\t<div class=\"elementor-element elementor-element-616ae64e e-flex e-con-boxed wpr-particle-no wpr-jarallax-no wpr-parallax-no wpr-sticky-section-no wpr-column-slider-no wpr-equal-height-no e-con e-parent\" data-id=\"616ae64e\" data-element_type=\"container\" data-e-type=\"container\" data-settings=\"{&quot;_ha_eqh_enable&quot;:false}\">\n\t\t\t\t\t<div class=\"e-con-inner\">\n\t\t\t\t<div class=\"elementor-element elementor-element-4fda4f54 elementor-widget elementor-widget-text-editor\" data-id=\"4fda4f54\" data-element_type=\"widget\" data-e-type=\"widget\" data-widget_type=\"text-editor.default\">\n\t\t\t\t<div class=\"elementor-widget-container\">\n\t\t\t\t\t\t\t\t\t<p>Trajes para hombre confeccionados con t\u00e9cnicas avanzadas que aseguran estabilidad y uniformidad en su presentaci\u00f3n.<\/p><p>Cada prenda est\u00e1 fabricada con entretelas fusionables en su parte interna, que se adhieren a la tela mediante un proceso de fusi\u00f3n que aplica temperatura, presi\u00f3n y velocidad espec\u00edficas, adapt\u00e1ndose seg\u00fan la composici\u00f3n del tejido. Esto proporciona a la prenda una estructura definida y duradera.<\/p><p>Adem\u00e1s, se recomienda el lavado en seco para preservar las caracter\u00edsticas originales de confecci\u00f3n de estas prendas.<\/p>\t\t\t\t\t\t\t\t<\/div>\n\t\t\t\t<\/div>\n\t\t\t\t\t<\/div>\n\t\t\t\t<\/div>\n\t\t\t\t<section class=\"elementor-section elementor-top-section elementor-element elementor-element-12d8f9ae elementor-section-content-middle elementor-section-boxed elementor-section-height-default elementor-section-height-default wpr-particle-no wpr-jarallax-no wpr-parallax-no wpr-sticky-section-no wpr-column-slider-no wpr-equal-height-no elementor-invisible\" data-id=\"12d8f9ae\" data-element_type=\"section\" data-e-type=\"section\" id=\"portfolio-section\" data-settings=\"{&quot;background_background&quot;:&quot;classic&quot;,&quot;animation&quot;:&quot;fadeInDown&quot;,&quot;_ha_eqh_enable&quot;:false}\">\n\t\t\t\t\t\t<div class=\"elementor-container elementor-column-gap-wider\">\n\t\t\t\t\t<div class=\"elementor-column elementor-col-100 elementor-top-column elementor-element elementor-element-41140e45\" data-id=\"41140e45\" data-element_type=\"column\" data-e-type=\"column\">\n\t\t\t<div class=\"elementor-widget-wrap elementor-element-populated\">\n\t\t\t\t\t\t<div class=\"elementor-element elementor-element-584e09ae ha-image-grid--even elementor-widget elementor-widget-ha-image-grid happy-addon ha-image-grid\" data-id=\"584e09ae\" data-element_type=\"widget\" data-e-type=\"widget\" data-settings=\"{&quot;layout&quot;:&quot;even&quot;,&quot;enable_popup&quot;:&quot;yes&quot;}\" data-widget_type=\"ha-image-grid.default\">\n\t\t\t\t<div class=\"elementor-widget-container\">\n\t\t\t\t\t\t\t\t<div class=\"ha-filter hajs-filter\" data-default-filter=\".__fltr-1\" role=\"navigation\" aria-label=\"Filtro de galer\u00eda\">\n\t\t\t\t\t\t\t\t\t\t\t\t\t<button class=\"ha-filter__item\" type=\"button\" data-filter=\".__fltr-1\">Fusionado <\/button><\/li>\n\t\t\t\t\t\t\t<\/div>\n\t\t\n\t\t<div class=\"ha-image-grid__wrap hajs-isotope ha-lightbox--has\">\n\t\t\t\t\t\t\t\n\t\t\t\t<a href=\"#\" data-mfp-src=\"https:\/\/franciscorocha.com\/site\/wp-content\/uploads\/2025\/11\/SACO_FUSED.webp\" class=\"ha-image-grid__item ha-js-lightbox __fltr-1\">\n\t\t\t\t\t<img fetchpriority=\"high\" decoding=\"async\" width=\"831\" height=\"1121\" src=\"https:\/\/franciscorocha.com\/site\/wp-content\/uploads\/2025\/11\/SACO_FUSED.webp\" class=\"elementor-animation-grow\" alt=\"coleccion rocha fused\" srcset=\"https:\/\/franciscorocha.com\/site\/wp-content\/uploads\/2025\/11\/SACO_FUSED.webp 831w, https:\/\/franciscorocha.com\/site\/wp-content\/uploads\/2025\/11\/SACO_FUSED-222x300.webp 222w, https:\/\/franciscorocha.com\/site\/wp-content\/uploads\/2025\/11\/SACO_FUSED-759x1024.webp 759w, https:\/\/franciscorocha.com\/site\/wp-content\/uploads\/2025\/11\/SACO_FUSED-768x1036.webp 768w\" sizes=\"(max-width: 831px) 100vw, 831px\" \/>\t\t\t\t<\/a>\n\t\t\t\t\t\t\t\n\t\t\t\t<a href=\"#\" data-mfp-src=\"https:\/\/franciscorocha.com\/site\/wp-content\/uploads\/2025\/11\/SACO_FUSED_2.webp\" class=\"ha-image-grid__item ha-js-lightbox __fltr-1\">\n\t\t\t\t\t<img decoding=\"async\" width=\"831\" height=\"1121\" src=\"https:\/\/franciscorocha.com\/site\/wp-content\/uploads\/2025\/11\/SACO_FUSED_2.webp\" class=\"elementor-animation-grow\" alt=\"coleccion rocha fused\" srcset=\"https:\/\/franciscorocha.com\/site\/wp-content\/uploads\/2025\/11\/SACO_FUSED_2.webp 831w, https:\/\/franciscorocha.com\/site\/wp-content\/uploads\/2025\/11\/SACO_FUSED_2-222x300.webp 222w, https:\/\/franciscorocha.com\/site\/wp-content\/uploads\/2025\/11\/SACO_FUSED_2-759x1024.webp 759w, https:\/\/franciscorocha.com\/site\/wp-content\/uploads\/2025\/11\/SACO_FUSED_2-768x1036.webp 768w\" sizes=\"(max-width: 831px) 100vw, 831px\" \/>\t\t\t\t<\/a>\n\t\t\t\t\t\t\t\n\t\t\t\t<a href=\"#\" data-mfp-src=\"https:\/\/franciscorocha.com\/site\/wp-content\/uploads\/2025\/11\/SACO_FUSED_3.webp\" class=\"ha-image-grid__item ha-js-lightbox __fltr-1\">\n\t\t\t\t\t<img decoding=\"async\" width=\"831\" height=\"1121\" src=\"https:\/\/franciscorocha.com\/site\/wp-content\/uploads\/2025\/11\/SACO_FUSED_3.webp\" class=\"elementor-animation-grow\" alt=\"coleccion rocha fused\" srcset=\"https:\/\/franciscorocha.com\/site\/wp-content\/uploads\/2025\/11\/SACO_FUSED_3.webp 831w, https:\/\/franciscorocha.com\/site\/wp-content\/uploads\/2025\/11\/SACO_FUSED_3-222x300.webp 222w, https:\/\/franciscorocha.com\/site\/wp-content\/uploads\/2025\/11\/SACO_FUSED_3-759x1024.webp 759w, https:\/\/franciscorocha.com\/site\/wp-content\/uploads\/2025\/11\/SACO_FUSED_3-768x1036.webp 768w\" sizes=\"(max-width: 831px) 100vw, 831px\" \/>\t\t\t\t<\/a>\n\t\t\t\t\t<\/div>\n\n\t\t\t\t\t\t<\/div>\n\t\t\t\t<\/div>\n\t\t\t\t\t<\/div>\n\t\t<\/div>\n\t\t\t\t\t<\/div>\n\t\t<\/section>\n\t\t\t\t<\/div>\n\t\t","protected":false},"excerpt":{"rendered":"<p>ROCHA FUSED Detalles Trajes para hombre confeccionados con t\u00e9cnicas avanzadas que aseguran estabilidad y uniformidad en su presentaci\u00f3n. Cada prenda est\u00e1 fabricada con entretelas fusionables en su parte interna, que se adhieren a la tela mediante un proceso de fusi\u00f3n que aplica temperatura, presi\u00f3n y velocidad espec\u00edficas, adapt\u00e1ndose seg\u00fan la composici\u00f3n del tejido. Esto proporciona a la prenda una estructura definida y duradera. Adem\u00e1s, se recomienda el lavado en seco para preservar las caracter\u00edsticas originales de confecci\u00f3n de estas prendas. Fusionado<\/p>\n","protected":false},"author":1,"featured_media":0,"parent":0,"menu_order":0,"comment_status":"closed","ping_status":"closed","template":"","meta":{"_monsterinsights_skip_tracking":false,"_monsterinsights_sitenote_active":false,"_monsterinsights_sitenote_note":"","_monsterinsights_sitenote_category":0,"site-sidebar-layout":"no-sidebar","site-content-layout":"","ast-site-content-layout":"full-width-container","site-content-style":"default","site-sidebar-style":"default","ast-global-header-display":"","ast-banner-title-visibility":"","ast-main-header-display":"","ast-hfb-above-header-display":"","ast-hfb-below-header-display":"","ast-hfb-mobile-header-display":"","site-post-title":"disabled","ast-breadcrumbs-content":"","ast-featured-img":"disabled","footer-sml-layout":"","ast-disable-related-posts":"","theme-transparent-header-meta":"","adv-header-id-meta":"","stick-header-meta":"","header-above-stick-meta":"","header-main-stick-meta":"","header-below-stick-meta":"","astra-migrate-meta-layouts":"default","ast-page-background-enabled":"default","ast-page-background-meta":{"desktop":{"background-color":"var(--ast-global-color-5)","background-image":"","background-repeat":"repeat","background-position":"center center","background-size":"auto","background-attachment":"scroll","background-type":"","background-media":"","overlay-type":"","overlay-color":"","overlay-opacity":"","overlay-gradient":""},"tablet":{"background-color":"","background-image":"","background-repeat":"repeat","background-position":"center center","background-size":"auto","background-attachment":"scroll","background-type":"","background-media":"","overlay-type":"","overlay-color":"","overlay-opacity":"","overlay-gradient":""},"mobile":{"background-color":"","background-image":"","background-repeat":"repeat","background-position":"center center","background-size":"auto","background-attachment":"scroll","background-type":"","background-media":"","overlay-type":"","overlay-color":"","overlay-opacity":"","overlay-gradient":""}},"ast-content-background-meta":{"desktop":{"background-color":"var(--ast-global-color-4)","background-image":"","background-repeat":"repeat","background-position":"center center","background-size":"auto","background-attachment":"scroll","background-type":"","background-media":"","overlay-type":"","overlay-color":"","overlay-opacity":"","overlay-gradient":""},"tablet":{"background-color":"var(--ast-global-color-4)","background-image":"","background-repeat":"repeat","background-position":"center center","background-size":"auto","background-attachment":"scroll","background-type":"","background-media":"","overlay-type":"","overlay-color":"","overlay-opacity":"","overlay-gradient":""},"mobile":{"background-color":"var(--ast-global-color-4)","background-image":"","background-repeat":"repeat","background-position":"center center","background-size":"auto","background-attachment":"scroll","background-type":"","background-media":"","overlay-type":"","overlay-color":"","overlay-opacity":"","overlay-gradient":""}},"footnotes":""},"class_list":["post-34","page","type-page","status-publish","hentry"],"yoast_head":"<!-- This site is optimized with the Yoast SEO plugin v27.6 - https:\/\/yoast.com\/product\/yoast-seo-wordpress\/ -->\n<title>ROCHA FUSED - Francisco Rocha<\/title>\n<meta name=\"robots\" content=\"index, follow, max-snippet:-1, max-image-preview:large, max-video-preview:-1\" \/>\n<link rel=\"canonical\" href=\"https:\/\/franciscorocha.com\/site\/rocha-fused\/\" \/>\n<meta property=\"og:locale\" content=\"es_ES\" \/>\n<meta property=\"og:type\" content=\"article\" \/>\n<meta property=\"og:title\" content=\"ROCHA FUSED - Francisco Rocha\" \/>\n<meta property=\"og:description\" content=\"ROCHA FUSED Detalles Trajes para hombre confeccionados con t\u00e9cnicas avanzadas que aseguran estabilidad y uniformidad en su presentaci\u00f3n. Cada prenda est\u00e1 fabricada con entretelas fusionables en su parte interna, que se adhieren a la tela mediante un proceso de fusi\u00f3n que aplica temperatura, presi\u00f3n y velocidad espec\u00edficas, adapt\u00e1ndose seg\u00fan la composici\u00f3n del tejido. Esto proporciona a la prenda una estructura definida y duradera. Adem\u00e1s, se recomienda el lavado en seco para preservar las caracter\u00edsticas originales de confecci\u00f3n de estas prendas. Fusionado\" \/>\n<meta property=\"og:url\" content=\"https:\/\/franciscorocha.com\/site\/rocha-fused\/\" \/>\n<meta property=\"og:site_name\" content=\"Francisco Rocha\" \/>\n<meta property=\"article:modified_time\" content=\"2025-12-18T17:22:30+00:00\" \/>\n<meta property=\"og:image\" content=\"https:\/\/franciscorocha.com\/site\/wp-content\/uploads\/2025\/11\/SACO_FUSED.webp\" \/>\n<meta name=\"twitter:card\" content=\"summary_large_image\" \/>\n<meta name=\"twitter:label1\" content=\"Tiempo de lectura\" \/>\n\t<meta name=\"twitter:data1\" content=\"1 minuto\" \/>\n<script type=\"application\/ld+json\" class=\"yoast-schema-graph\">{\"@context\":\"https:\\\/\\\/schema.org\",\"@graph\":[{\"@type\":\"WebPage\",\"@id\":\"https:\\\/\\\/franciscorocha.com\\\/site\\\/rocha-fused\\\/\",\"url\":\"https:\\\/\\\/franciscorocha.com\\\/site\\\/rocha-fused\\\/\",\"name\":\"ROCHA FUSED - Francisco Rocha\",\"isPartOf\":{\"@id\":\"https:\\\/\\\/franciscorocha.com\\\/site\\\/#website\"},\"primaryImageOfPage\":{\"@id\":\"https:\\\/\\\/franciscorocha.com\\\/site\\\/rocha-fused\\\/#primaryimage\"},\"image\":{\"@id\":\"https:\\\/\\\/franciscorocha.com\\\/site\\\/rocha-fused\\\/#primaryimage\"},\"thumbnailUrl\":\"https:\\\/\\\/franciscorocha.com\\\/site\\\/wp-content\\\/uploads\\\/2025\\\/11\\\/SACO_FUSED.webp\",\"datePublished\":\"2025-02-21T19:27:31+00:00\",\"dateModified\":\"2025-12-18T17:22:30+00:00\",\"breadcrumb\":{\"@id\":\"https:\\\/\\\/franciscorocha.com\\\/site\\\/rocha-fused\\\/#breadcrumb\"},\"inLanguage\":\"es\",\"potentialAction\":[{\"@type\":\"ReadAction\",\"target\":[\"https:\\\/\\\/franciscorocha.com\\\/site\\\/rocha-fused\\\/\"]}]},{\"@type\":\"ImageObject\",\"inLanguage\":\"es\",\"@id\":\"https:\\\/\\\/franciscorocha.com\\\/site\\\/rocha-fused\\\/#primaryimage\",\"url\":\"https:\\\/\\\/franciscorocha.com\\\/site\\\/wp-content\\\/uploads\\\/2025\\\/11\\\/SACO_FUSED.webp\",\"contentUrl\":\"https:\\\/\\\/franciscorocha.com\\\/site\\\/wp-content\\\/uploads\\\/2025\\\/11\\\/SACO_FUSED.webp\",\"width\":831,\"height\":1121,\"caption\":\"coleccion rocha fused\"},{\"@type\":\"BreadcrumbList\",\"@id\":\"https:\\\/\\\/franciscorocha.com\\\/site\\\/rocha-fused\\\/#breadcrumb\",\"itemListElement\":[{\"@type\":\"ListItem\",\"position\":1,\"name\":\"Portada\",\"item\":\"https:\\\/\\\/franciscorocha.com\\\/site\\\/\"},{\"@type\":\"ListItem\",\"position\":2,\"name\":\"ROCHA FUSED\"}]},{\"@type\":\"WebSite\",\"@id\":\"https:\\\/\\\/franciscorocha.com\\\/site\\\/#website\",\"url\":\"https:\\\/\\\/franciscorocha.com\\\/site\\\/\",\"name\":\"Francisco Rocha\",\"description\":\"\",\"publisher\":{\"@id\":\"https:\\\/\\\/franciscorocha.com\\\/site\\\/#organization\"},\"potentialAction\":[{\"@type\":\"SearchAction\",\"target\":{\"@type\":\"EntryPoint\",\"urlTemplate\":\"https:\\\/\\\/franciscorocha.com\\\/site\\\/?s={search_term_string}\"},\"query-input\":{\"@type\":\"PropertyValueSpecification\",\"valueRequired\":true,\"valueName\":\"search_term_string\"}}],\"inLanguage\":\"es\"},{\"@type\":\"Organization\",\"@id\":\"https:\\\/\\\/franciscorocha.com\\\/site\\\/#organization\",\"name\":\"Francisco Rocha\",\"url\":\"https:\\\/\\\/franciscorocha.com\\\/site\\\/\",\"logo\":{\"@type\":\"ImageObject\",\"inLanguage\":\"es\",\"@id\":\"https:\\\/\\\/franciscorocha.com\\\/site\\\/#\\\/schema\\\/logo\\\/image\\\/\",\"url\":\"https:\\\/\\\/franciscorocha.com\\\/site\\\/wp-content\\\/uploads\\\/2025\\\/02\\\/LOGO-ROCHA-FINAL-15-1.png\",\"contentUrl\":\"https:\\\/\\\/franciscorocha.com\\\/site\\\/wp-content\\\/uploads\\\/2025\\\/02\\\/LOGO-ROCHA-FINAL-15-1.png\",\"width\":2560,\"height\":669,\"caption\":\"Francisco Rocha\"},\"image\":{\"@id\":\"https:\\\/\\\/franciscorocha.com\\\/site\\\/#\\\/schema\\\/logo\\\/image\\\/\"}}]}<\/script>\n<!-- \/ Yoast SEO plugin. -->","yoast_head_json":{"title":"ROCHA FUSED - Francisco Rocha","robots":{"index":"index","follow":"follow","max-snippet":"max-snippet:-1","max-image-preview":"max-image-preview:large","max-video-preview":"max-video-preview:-1"},"canonical":"https:\/\/franciscorocha.com\/site\/rocha-fused\/","og_locale":"es_ES","og_type":"article","og_title":"ROCHA FUSED - Francisco Rocha","og_description":"ROCHA FUSED Detalles Trajes para hombre confeccionados con t\u00e9cnicas avanzadas que aseguran estabilidad y uniformidad en su presentaci\u00f3n. Cada prenda est\u00e1 fabricada con entretelas fusionables en su parte interna, que se adhieren a la tela mediante un proceso de fusi\u00f3n que aplica temperatura, presi\u00f3n y velocidad espec\u00edficas, adapt\u00e1ndose seg\u00fan la composici\u00f3n del tejido. Esto proporciona a la prenda una estructura definida y duradera. Adem\u00e1s, se recomienda el lavado en seco para preservar las caracter\u00edsticas originales de confecci\u00f3n de estas prendas. Fusionado","og_url":"https:\/\/franciscorocha.com\/site\/rocha-fused\/","og_site_name":"Francisco Rocha","article_modified_time":"2025-12-18T17:22:30+00:00","og_image":[{"url":"https:\/\/franciscorocha.com\/site\/wp-content\/uploads\/2025\/11\/SACO_FUSED.webp","type":"","width":"","height":""}],"twitter_card":"summary_large_image","twitter_misc":{"Tiempo de lectura":"1 minuto"},"schema":{"@context":"https:\/\/schema.org","@graph":[{"@type":"WebPage","@id":"https:\/\/franciscorocha.com\/site\/rocha-fused\/","url":"https:\/\/franciscorocha.com\/site\/rocha-fused\/","name":"ROCHA FUSED - Francisco Rocha","isPartOf":{"@id":"https:\/\/franciscorocha.com\/site\/#website"},"primaryImageOfPage":{"@id":"https:\/\/franciscorocha.com\/site\/rocha-fused\/#primaryimage"},"image":{"@id":"https:\/\/franciscorocha.com\/site\/rocha-fused\/#primaryimage"},"thumbnailUrl":"https:\/\/franciscorocha.com\/site\/wp-content\/uploads\/2025\/11\/SACO_FUSED.webp","datePublished":"2025-02-21T19:27:31+00:00","dateModified":"2025-12-18T17:22:30+00:00","breadcrumb":{"@id":"https:\/\/franciscorocha.com\/site\/rocha-fused\/#breadcrumb"},"inLanguage":"es","potentialAction":[{"@type":"ReadAction","target":["https:\/\/franciscorocha.com\/site\/rocha-fused\/"]}]},{"@type":"ImageObject","inLanguage":"es","@id":"https:\/\/franciscorocha.com\/site\/rocha-fused\/#primaryimage","url":"https:\/\/franciscorocha.com\/site\/wp-content\/uploads\/2025\/11\/SACO_FUSED.webp","contentUrl":"https:\/\/franciscorocha.com\/site\/wp-content\/uploads\/2025\/11\/SACO_FUSED.webp","width":831,"height":1121,"caption":"coleccion rocha fused"},{"@type":"BreadcrumbList","@id":"https:\/\/franciscorocha.com\/site\/rocha-fused\/#breadcrumb","itemListElement":[{"@type":"ListItem","position":1,"name":"Portada","item":"https:\/\/franciscorocha.com\/site\/"},{"@type":"ListItem","position":2,"name":"ROCHA FUSED"}]},{"@type":"WebSite","@id":"https:\/\/franciscorocha.com\/site\/#website","url":"https:\/\/franciscorocha.com\/site\/","name":"Francisco Rocha","description":"","publisher":{"@id":"https:\/\/franciscorocha.com\/site\/#organization"},"potentialAction":[{"@type":"SearchAction","target":{"@type":"EntryPoint","urlTemplate":"https:\/\/franciscorocha.com\/site\/?s={search_term_string}"},"query-input":{"@type":"PropertyValueSpecification","valueRequired":true,"valueName":"search_term_string"}}],"inLanguage":"es"},{"@type":"Organization","@id":"https:\/\/franciscorocha.com\/site\/#organization","name":"Francisco Rocha","url":"https:\/\/franciscorocha.com\/site\/","logo":{"@type":"ImageObject","inLanguage":"es","@id":"https:\/\/franciscorocha.com\/site\/#\/schema\/logo\/image\/","url":"https:\/\/franciscorocha.com\/site\/wp-content\/uploads\/2025\/02\/LOGO-ROCHA-FINAL-15-1.png","contentUrl":"https:\/\/franciscorocha.com\/site\/wp-content\/uploads\/2025\/02\/LOGO-ROCHA-FINAL-15-1.png","width":2560,"height":669,"caption":"Francisco Rocha"},"image":{"@id":"https:\/\/franciscorocha.com\/site\/#\/schema\/logo\/image\/"}}]}},"_links":{"self":[{"href":"https:\/\/franciscorocha.com\/site\/wp-json\/wp\/v2\/pages\/34","targetHints":{"allow":["GET"]}}],"collection":[{"href":"https:\/\/franciscorocha.com\/site\/wp-json\/wp\/v2\/pages"}],"about":[{"href":"https:\/\/franciscorocha.com\/site\/wp-json\/wp\/v2\/types\/page"}],"author":[{"embeddable":true,"href":"https:\/\/franciscorocha.com\/site\/wp-json\/wp\/v2\/users\/1"}],"replies":[{"embeddable":true,"href":"https:\/\/franciscorocha.com\/site\/wp-json\/wp\/v2\/comments?post=34"}],"version-history":[{"count":55,"href":"https:\/\/franciscorocha.com\/site\/wp-json\/wp\/v2\/pages\/34\/revisions"}],"predecessor-version":[{"id":3946,"href":"https:\/\/franciscorocha.com\/site\/wp-json\/wp\/v2\/pages\/34\/revisions\/3946"}],"wp:attachment":[{"href":"https:\/\/franciscorocha.com\/site\/wp-json\/wp\/v2\/media?parent=34"}],"curies":[{"name":"wp","href":"https:\/\/api.w.org\/{rel}","templated":true}]}}