{"id":35,"date":"2025-02-21T19:27:31","date_gmt":"2025-02-21T19:27:31","guid":{"rendered":"https:\/\/franciscorocha.com\/web\/?page_id=35"},"modified":"2025-11-28T19:39:42","modified_gmt":"2025-11-28T19:39:42","slug":"home-wasg","status":"publish","type":"page","link":"https:\/\/franciscorocha.com\/site\/home-wasg\/","title":{"rendered":"HOME WASH"},"content":{"rendered":"\t\t<div data-elementor-type=\"wp-page\" data-elementor-id=\"35\" class=\"elementor elementor-35\" data-elementor-settings=\"{&quot;ha_cmc_init_switcher&quot;:&quot;no&quot;}\">\n\t\t\t\t\t\t<section class=\"elementor-section elementor-top-section elementor-element elementor-element-5b57913e elementor-section-height-min-height elementor-section-boxed elementor-section-height-default elementor-section-items-middle wpr-particle-no wpr-jarallax-no wpr-parallax-no wpr-sticky-section-no wpr-equal-height-no\" data-id=\"5b57913e\" data-element_type=\"section\" data-e-type=\"section\" data-settings=\"{&quot;background_background&quot;:&quot;classic&quot;,&quot;_ha_eqh_enable&quot;:false}\">\n\t\t\t\t\t\t\t<div class=\"elementor-background-overlay\"><\/div>\n\t\t\t\t\t\t\t<div class=\"elementor-container elementor-column-gap-default\">\n\t\t\t\t\t<div class=\"elementor-column elementor-col-100 elementor-top-column elementor-element elementor-element-6e9fae28\" data-id=\"6e9fae28\" data-element_type=\"column\" data-e-type=\"column\">\n\t\t\t<div class=\"elementor-widget-wrap elementor-element-populated\">\n\t\t\t\t\t\t<div class=\"elementor-element elementor-element-5123858c elementor-widget elementor-widget-heading\" data-id=\"5123858c\" data-element_type=\"widget\" data-e-type=\"widget\" data-widget_type=\"heading.default\">\n\t\t\t\t<div class=\"elementor-widget-container\">\n\t\t\t\t\t<h2 class=\"elementor-heading-title elementor-size-default\">HOME WASH<\/h2>\t\t\t\t<\/div>\n\t\t\t\t<\/div>\n\t\t\t\t\t<\/div>\n\t\t<\/div>\n\t\t\t\t\t<\/div>\n\t\t<\/section>\n\t\t<div class=\"elementor-element elementor-element-559716ff e-flex e-con-boxed wpr-particle-no wpr-jarallax-no wpr-parallax-no wpr-sticky-section-no wpr-equal-height-no e-con e-parent\" data-id=\"559716ff\" data-element_type=\"container\" data-e-type=\"container\" data-settings=\"{&quot;_ha_eqh_enable&quot;:false}\">\n\t\t\t\t\t<div class=\"e-con-inner\">\n\t\t\t\t<div class=\"elementor-element elementor-element-6a303512 elementor-widget elementor-widget-heading\" data-id=\"6a303512\" data-element_type=\"widget\" data-e-type=\"widget\" data-widget_type=\"heading.default\">\n\t\t\t\t<div class=\"elementor-widget-container\">\n\t\t\t\t\t<h2 class=\"elementor-heading-title elementor-size-default\">Detalles<\/h2>\t\t\t\t<\/div>\n\t\t\t\t<\/div>\n\t\t\t\t\t<\/div>\n\t\t\t\t<\/div>\n\t\t<div class=\"elementor-element elementor-element-79bb2c9c e-flex e-con-boxed wpr-particle-no wpr-jarallax-no wpr-parallax-no wpr-sticky-section-no wpr-equal-height-no e-con e-parent\" data-id=\"79bb2c9c\" data-element_type=\"container\" data-e-type=\"container\" data-settings=\"{&quot;_ha_eqh_enable&quot;:false}\">\n\t\t\t\t\t<div class=\"e-con-inner\">\n\t\t\t\t<div class=\"elementor-element elementor-element-1cd46c21 elementor-widget elementor-widget-text-editor\" data-id=\"1cd46c21\" data-element_type=\"widget\" data-e-type=\"widget\" data-widget_type=\"text-editor.default\">\n\t\t\t\t<div class=\"elementor-widget-container\">\n\t\t\t\t\t\t\t\t\t<p>Ropa confeccionada con materiales ecol\u00f3gicos que permiten su lavado en casa. Estas prendas est\u00e1n dise\u00f1adas tanto por dentro como por fuera con materiales que garantizan un buen rendimiento tras ser lavadas en m\u00e1quina, sin experimentar encogimientos significativos.<\/p><p>Adem\u00e1s, todas las prendas est\u00e1n completamente fileteadas para evitar desgarros y deshilachados. Para mantener su durabilidad, es importante seguir las instrucciones de cuidado proporcionadas por el fabricante.<\/p>\t\t\t\t\t\t\t\t<\/div>\n\t\t\t\t<\/div>\n\t\t\t\t\t<\/div>\n\t\t\t\t<\/div>\n\t\t\t\t<section class=\"elementor-section elementor-top-section elementor-element elementor-element-2ff14b19 elementor-section-content-middle elementor-section-boxed elementor-section-height-default elementor-section-height-default wpr-particle-no wpr-jarallax-no wpr-parallax-no wpr-sticky-section-no wpr-equal-height-no\" data-id=\"2ff14b19\" data-element_type=\"section\" data-e-type=\"section\" id=\"portfolio-section\" data-settings=\"{&quot;background_background&quot;:&quot;classic&quot;,&quot;_ha_eqh_enable&quot;:false}\">\n\t\t\t\t\t\t<div class=\"elementor-container elementor-column-gap-wider\">\n\t\t\t\t\t<div class=\"elementor-column elementor-col-100 elementor-top-column elementor-element elementor-element-7dc034e3\" data-id=\"7dc034e3\" data-element_type=\"column\" data-e-type=\"column\">\n\t\t\t<div class=\"elementor-widget-wrap elementor-element-populated\">\n\t\t\t\t\t\t<div class=\"elementor-element elementor-element-5445d1c2 ha-image-grid--fitRows elementor-widget elementor-widget-ha-image-grid happy-addon ha-image-grid\" data-id=\"5445d1c2\" data-element_type=\"widget\" data-e-type=\"widget\" data-settings=\"{&quot;layout&quot;:&quot;fitRows&quot;,&quot;enable_popup&quot;:&quot;yes&quot;}\" data-widget_type=\"ha-image-grid.default\">\n\t\t\t\t<div class=\"elementor-widget-container\">\n\t\t\t\t\t\t\t\t<div class=\"ha-filter hajs-filter\" data-default-filter=\".__fltr-1\" role=\"navigation\" aria-label=\"Filtro de galer\u00eda\">\n\t\t\t\t\t\t\t\t\t\t\t\t\t<button class=\"ha-filter__item\" type=\"button\" data-filter=\".__fltr-1\">Home Wash<\/button><\/li>\n\t\t\t\t\t\t\t<\/div>\n\t\t\n\t\t<div class=\"ha-image-grid__wrap hajs-isotope ha-lightbox--has\">\n\t\t\t\t\t\t\t\n\t\t\t\t<a href=\"#\" data-mfp-src=\"https:\/\/franciscorocha.com\/site\/wp-content\/uploads\/2025\/11\/SACO_GOME-WASH.-fotor-enhance-20251128143721.jpg\" class=\"ha-image-grid__item ha-js-lightbox __fltr-1\">\n\t\t\t\t\t<img fetchpriority=\"high\" decoding=\"async\" width=\"632\" height=\"852\" src=\"https:\/\/franciscorocha.com\/site\/wp-content\/uploads\/2025\/11\/SACO_GOME-WASH.-fotor-enhance-20251128143721.jpg\" class=\"elementor-animation-grow\" alt=\"\" srcset=\"https:\/\/franciscorocha.com\/site\/wp-content\/uploads\/2025\/11\/SACO_GOME-WASH.-fotor-enhance-20251128143721.jpg 632w, https:\/\/franciscorocha.com\/site\/wp-content\/uploads\/2025\/11\/SACO_GOME-WASH.-fotor-enhance-20251128143721-223x300.jpg 223w\" sizes=\"(max-width: 632px) 100vw, 632px\" \/>\t\t\t\t<\/a>\n\t\t\t\t\t\t\t\n\t\t\t\t<a href=\"#\" data-mfp-src=\"https:\/\/franciscorocha.com\/site\/wp-content\/uploads\/2025\/02\/img_homew2_vista1-1-2.jpg\" class=\"ha-image-grid__item ha-js-lightbox __fltr-1\">\n\t\t\t\t\t<img decoding=\"async\" width=\"316\" height=\"426\" src=\"https:\/\/franciscorocha.com\/site\/wp-content\/uploads\/2025\/02\/img_homew2_vista1-1-2.jpg\" class=\"elementor-animation-grow\" alt=\"\" srcset=\"https:\/\/franciscorocha.com\/site\/wp-content\/uploads\/2025\/02\/img_homew2_vista1-1-2.jpg 316w, https:\/\/franciscorocha.com\/site\/wp-content\/uploads\/2025\/02\/img_homew2_vista1-1-2-223x300.jpg 223w\" sizes=\"(max-width: 316px) 100vw, 316px\" \/>\t\t\t\t<\/a>\n\t\t\t\t\t<\/div>\n\n\t\t\t\t\t\t<\/div>\n\t\t\t\t<\/div>\n\t\t\t\t\t<\/div>\n\t\t<\/div>\n\t\t\t\t\t<\/div>\n\t\t<\/section>\n\t\t\t\t<\/div>\n\t\t","protected":false},"excerpt":{"rendered":"<p>HOME WASH Detalles Ropa confeccionada con materiales ecol\u00f3gicos que permiten su lavado en casa. Estas prendas est\u00e1n dise\u00f1adas tanto por dentro como por fuera con materiales que garantizan un buen rendimiento tras ser lavadas en m\u00e1quina, sin experimentar encogimientos significativos. Adem\u00e1s, todas las prendas est\u00e1n completamente fileteadas para evitar desgarros y deshilachados. Para mantener su durabilidad, es importante seguir las instrucciones de cuidado proporcionadas por el fabricante. Home Wash<\/p>\n","protected":false},"author":1,"featured_media":0,"parent":0,"menu_order":0,"comment_status":"closed","ping_status":"closed","template":"","meta":{"_monsterinsights_skip_tracking":false,"_monsterinsights_sitenote_active":false,"_monsterinsights_sitenote_note":"","_monsterinsights_sitenote_category":0,"site-sidebar-layout":"no-sidebar","site-content-layout":"","ast-site-content-layout":"full-width-container","site-content-style":"default","site-sidebar-style":"default","ast-global-header-display":"","ast-banner-title-visibility":"","ast-main-header-display":"","ast-hfb-above-header-display":"","ast-hfb-below-header-display":"","ast-hfb-mobile-header-display":"","site-post-title":"disabled","ast-breadcrumbs-content":"","ast-featured-img":"disabled","footer-sml-layout":"","ast-disable-related-posts":"","theme-transparent-header-meta":"","adv-header-id-meta":"","stick-header-meta":"","header-above-stick-meta":"","header-main-stick-meta":"","header-below-stick-meta":"","astra-migrate-meta-layouts":"default","ast-page-background-enabled":"default","ast-page-background-meta":{"desktop":{"background-color":"var(--ast-global-color-5)","background-image":"","background-repeat":"repeat","background-position":"center center","background-size":"auto","background-attachment":"scroll","background-type":"","background-media":"","overlay-type":"","overlay-color":"","overlay-opacity":"","overlay-gradient":""},"tablet":{"background-color":"","background-image":"","background-repeat":"repeat","background-position":"center center","background-size":"auto","background-attachment":"scroll","background-type":"","background-media":"","overlay-type":"","overlay-color":"","overlay-opacity":"","overlay-gradient":""},"mobile":{"background-color":"","background-image":"","background-repeat":"repeat","background-position":"center center","background-size":"auto","background-attachment":"scroll","background-type":"","background-media":"","overlay-type":"","overlay-color":"","overlay-opacity":"","overlay-gradient":""}},"ast-content-background-meta":{"desktop":{"background-color":"var(--ast-global-color-4)","background-image":"","background-repeat":"repeat","background-position":"center center","background-size":"auto","background-attachment":"scroll","background-type":"","background-media":"","overlay-type":"","overlay-color":"","overlay-opacity":"","overlay-gradient":""},"tablet":{"background-color":"var(--ast-global-color-4)","background-image":"","background-repeat":"repeat","background-position":"center center","background-size":"auto","background-attachment":"scroll","background-type":"","background-media":"","overlay-type":"","overlay-color":"","overlay-opacity":"","overlay-gradient":""},"mobile":{"background-color":"var(--ast-global-color-4)","background-image":"","background-repeat":"repeat","background-position":"center center","background-size":"auto","background-attachment":"scroll","background-type":"","background-media":"","overlay-type":"","overlay-color":"","overlay-opacity":"","overlay-gradient":""}},"footnotes":""},"class_list":["post-35","page","type-page","status-publish","hentry"],"yoast_head":"<!-- This site is optimized with the Yoast SEO plugin v27.4 - https:\/\/yoast.com\/product\/yoast-seo-wordpress\/ -->\n<title>HOME WASH - Francisco Rocha<\/title>\n<meta name=\"robots\" content=\"index, follow, max-snippet:-1, max-image-preview:large, max-video-preview:-1\" \/>\n<link rel=\"canonical\" href=\"https:\/\/franciscorocha.com\/site\/home-wasg\/\" \/>\n<meta property=\"og:locale\" content=\"es_ES\" \/>\n<meta property=\"og:type\" content=\"article\" \/>\n<meta property=\"og:title\" content=\"HOME WASH - Francisco Rocha\" \/>\n<meta property=\"og:description\" content=\"HOME WASH Detalles Ropa confeccionada con materiales ecol\u00f3gicos que permiten su lavado en casa. Estas prendas est\u00e1n dise\u00f1adas tanto por dentro como por fuera con materiales que garantizan un buen rendimiento tras ser lavadas en m\u00e1quina, sin experimentar encogimientos significativos. Adem\u00e1s, todas las prendas est\u00e1n completamente fileteadas para evitar desgarros y deshilachados. Para mantener su durabilidad, es importante seguir las instrucciones de cuidado proporcionadas por el fabricante. Home Wash\" \/>\n<meta property=\"og:url\" content=\"https:\/\/franciscorocha.com\/site\/home-wasg\/\" \/>\n<meta property=\"og:site_name\" content=\"Francisco Rocha\" \/>\n<meta property=\"article:modified_time\" content=\"2025-11-28T19:39:42+00:00\" \/>\n<meta property=\"og:image\" content=\"https:\/\/franciscorocha.com\/site\/wp-content\/uploads\/2025\/11\/SACO_GOME-WASH.-fotor-enhance-20251128143721.jpg\" \/>\n<meta name=\"twitter:card\" content=\"summary_large_image\" \/>\n<meta name=\"twitter:label1\" content=\"Tiempo de lectura\" \/>\n\t<meta name=\"twitter:data1\" content=\"1 minuto\" \/>\n<script type=\"application\/ld+json\" class=\"yoast-schema-graph\">{\"@context\":\"https:\\\/\\\/schema.org\",\"@graph\":[{\"@type\":\"WebPage\",\"@id\":\"https:\\\/\\\/franciscorocha.com\\\/site\\\/home-wasg\\\/\",\"url\":\"https:\\\/\\\/franciscorocha.com\\\/site\\\/home-wasg\\\/\",\"name\":\"HOME WASH - Francisco Rocha\",\"isPartOf\":{\"@id\":\"https:\\\/\\\/franciscorocha.com\\\/site\\\/#website\"},\"primaryImageOfPage\":{\"@id\":\"https:\\\/\\\/franciscorocha.com\\\/site\\\/home-wasg\\\/#primaryimage\"},\"image\":{\"@id\":\"https:\\\/\\\/franciscorocha.com\\\/site\\\/home-wasg\\\/#primaryimage\"},\"thumbnailUrl\":\"https:\\\/\\\/franciscorocha.com\\\/site\\\/wp-content\\\/uploads\\\/2025\\\/11\\\/SACO_GOME-WASH.-fotor-enhance-20251128143721.jpg\",\"datePublished\":\"2025-02-21T19:27:31+00:00\",\"dateModified\":\"2025-11-28T19:39:42+00:00\",\"breadcrumb\":{\"@id\":\"https:\\\/\\\/franciscorocha.com\\\/site\\\/home-wasg\\\/#breadcrumb\"},\"inLanguage\":\"es\",\"potentialAction\":[{\"@type\":\"ReadAction\",\"target\":[\"https:\\\/\\\/franciscorocha.com\\\/site\\\/home-wasg\\\/\"]}]},{\"@type\":\"ImageObject\",\"inLanguage\":\"es\",\"@id\":\"https:\\\/\\\/franciscorocha.com\\\/site\\\/home-wasg\\\/#primaryimage\",\"url\":\"https:\\\/\\\/franciscorocha.com\\\/site\\\/wp-content\\\/uploads\\\/2025\\\/11\\\/SACO_GOME-WASH.-fotor-enhance-20251128143721.jpg\",\"contentUrl\":\"https:\\\/\\\/franciscorocha.com\\\/site\\\/wp-content\\\/uploads\\\/2025\\\/11\\\/SACO_GOME-WASH.-fotor-enhance-20251128143721.jpg\",\"width\":632,\"height\":852},{\"@type\":\"BreadcrumbList\",\"@id\":\"https:\\\/\\\/franciscorocha.com\\\/site\\\/home-wasg\\\/#breadcrumb\",\"itemListElement\":[{\"@type\":\"ListItem\",\"position\":1,\"name\":\"Portada\",\"item\":\"https:\\\/\\\/franciscorocha.com\\\/site\\\/\"},{\"@type\":\"ListItem\",\"position\":2,\"name\":\"HOME WASH\"}]},{\"@type\":\"WebSite\",\"@id\":\"https:\\\/\\\/franciscorocha.com\\\/site\\\/#website\",\"url\":\"https:\\\/\\\/franciscorocha.com\\\/site\\\/\",\"name\":\"Francisco Rocha\",\"description\":\"\",\"publisher\":{\"@id\":\"https:\\\/\\\/franciscorocha.com\\\/site\\\/#organization\"},\"potentialAction\":[{\"@type\":\"SearchAction\",\"target\":{\"@type\":\"EntryPoint\",\"urlTemplate\":\"https:\\\/\\\/franciscorocha.com\\\/site\\\/?s={search_term_string}\"},\"query-input\":{\"@type\":\"PropertyValueSpecification\",\"valueRequired\":true,\"valueName\":\"search_term_string\"}}],\"inLanguage\":\"es\"},{\"@type\":\"Organization\",\"@id\":\"https:\\\/\\\/franciscorocha.com\\\/site\\\/#organization\",\"name\":\"Francisco Rocha\",\"url\":\"https:\\\/\\\/franciscorocha.com\\\/site\\\/\",\"logo\":{\"@type\":\"ImageObject\",\"inLanguage\":\"es\",\"@id\":\"https:\\\/\\\/franciscorocha.com\\\/site\\\/#\\\/schema\\\/logo\\\/image\\\/\",\"url\":\"https:\\\/\\\/franciscorocha.com\\\/site\\\/wp-content\\\/uploads\\\/2025\\\/02\\\/LOGO-ROCHA-FINAL-15-1.png\",\"contentUrl\":\"https:\\\/\\\/franciscorocha.com\\\/site\\\/wp-content\\\/uploads\\\/2025\\\/02\\\/LOGO-ROCHA-FINAL-15-1.png\",\"width\":2560,\"height\":669,\"caption\":\"Francisco Rocha\"},\"image\":{\"@id\":\"https:\\\/\\\/franciscorocha.com\\\/site\\\/#\\\/schema\\\/logo\\\/image\\\/\"}}]}<\/script>\n<!-- \/ Yoast SEO plugin. -->","yoast_head_json":{"title":"HOME WASH - Francisco Rocha","robots":{"index":"index","follow":"follow","max-snippet":"max-snippet:-1","max-image-preview":"max-image-preview:large","max-video-preview":"max-video-preview:-1"},"canonical":"https:\/\/franciscorocha.com\/site\/home-wasg\/","og_locale":"es_ES","og_type":"article","og_title":"HOME WASH - Francisco Rocha","og_description":"HOME WASH Detalles Ropa confeccionada con materiales ecol\u00f3gicos que permiten su lavado en casa. Estas prendas est\u00e1n dise\u00f1adas tanto por dentro como por fuera con materiales que garantizan un buen rendimiento tras ser lavadas en m\u00e1quina, sin experimentar encogimientos significativos. Adem\u00e1s, todas las prendas est\u00e1n completamente fileteadas para evitar desgarros y deshilachados. Para mantener su durabilidad, es importante seguir las instrucciones de cuidado proporcionadas por el fabricante. Home Wash","og_url":"https:\/\/franciscorocha.com\/site\/home-wasg\/","og_site_name":"Francisco Rocha","article_modified_time":"2025-11-28T19:39:42+00:00","og_image":[{"url":"https:\/\/franciscorocha.com\/site\/wp-content\/uploads\/2025\/11\/SACO_GOME-WASH.-fotor-enhance-20251128143721.jpg","type":"","width":"","height":""}],"twitter_card":"summary_large_image","twitter_misc":{"Tiempo de lectura":"1 minuto"},"schema":{"@context":"https:\/\/schema.org","@graph":[{"@type":"WebPage","@id":"https:\/\/franciscorocha.com\/site\/home-wasg\/","url":"https:\/\/franciscorocha.com\/site\/home-wasg\/","name":"HOME WASH - Francisco Rocha","isPartOf":{"@id":"https:\/\/franciscorocha.com\/site\/#website"},"primaryImageOfPage":{"@id":"https:\/\/franciscorocha.com\/site\/home-wasg\/#primaryimage"},"image":{"@id":"https:\/\/franciscorocha.com\/site\/home-wasg\/#primaryimage"},"thumbnailUrl":"https:\/\/franciscorocha.com\/site\/wp-content\/uploads\/2025\/11\/SACO_GOME-WASH.-fotor-enhance-20251128143721.jpg","datePublished":"2025-02-21T19:27:31+00:00","dateModified":"2025-11-28T19:39:42+00:00","breadcrumb":{"@id":"https:\/\/franciscorocha.com\/site\/home-wasg\/#breadcrumb"},"inLanguage":"es","potentialAction":[{"@type":"ReadAction","target":["https:\/\/franciscorocha.com\/site\/home-wasg\/"]}]},{"@type":"ImageObject","inLanguage":"es","@id":"https:\/\/franciscorocha.com\/site\/home-wasg\/#primaryimage","url":"https:\/\/franciscorocha.com\/site\/wp-content\/uploads\/2025\/11\/SACO_GOME-WASH.-fotor-enhance-20251128143721.jpg","contentUrl":"https:\/\/franciscorocha.com\/site\/wp-content\/uploads\/2025\/11\/SACO_GOME-WASH.-fotor-enhance-20251128143721.jpg","width":632,"height":852},{"@type":"BreadcrumbList","@id":"https:\/\/franciscorocha.com\/site\/home-wasg\/#breadcrumb","itemListElement":[{"@type":"ListItem","position":1,"name":"Portada","item":"https:\/\/franciscorocha.com\/site\/"},{"@type":"ListItem","position":2,"name":"HOME WASH"}]},{"@type":"WebSite","@id":"https:\/\/franciscorocha.com\/site\/#website","url":"https:\/\/franciscorocha.com\/site\/","name":"Francisco Rocha","description":"","publisher":{"@id":"https:\/\/franciscorocha.com\/site\/#organization"},"potentialAction":[{"@type":"SearchAction","target":{"@type":"EntryPoint","urlTemplate":"https:\/\/franciscorocha.com\/site\/?s={search_term_string}"},"query-input":{"@type":"PropertyValueSpecification","valueRequired":true,"valueName":"search_term_string"}}],"inLanguage":"es"},{"@type":"Organization","@id":"https:\/\/franciscorocha.com\/site\/#organization","name":"Francisco Rocha","url":"https:\/\/franciscorocha.com\/site\/","logo":{"@type":"ImageObject","inLanguage":"es","@id":"https:\/\/franciscorocha.com\/site\/#\/schema\/logo\/image\/","url":"https:\/\/franciscorocha.com\/site\/wp-content\/uploads\/2025\/02\/LOGO-ROCHA-FINAL-15-1.png","contentUrl":"https:\/\/franciscorocha.com\/site\/wp-content\/uploads\/2025\/02\/LOGO-ROCHA-FINAL-15-1.png","width":2560,"height":669,"caption":"Francisco Rocha"},"image":{"@id":"https:\/\/franciscorocha.com\/site\/#\/schema\/logo\/image\/"}}]}},"_links":{"self":[{"href":"https:\/\/franciscorocha.com\/site\/wp-json\/wp\/v2\/pages\/35","targetHints":{"allow":["GET"]}}],"collection":[{"href":"https:\/\/franciscorocha.com\/site\/wp-json\/wp\/v2\/pages"}],"about":[{"href":"https:\/\/franciscorocha.com\/site\/wp-json\/wp\/v2\/types\/page"}],"author":[{"embeddable":true,"href":"https:\/\/franciscorocha.com\/site\/wp-json\/wp\/v2\/users\/1"}],"replies":[{"embeddable":true,"href":"https:\/\/franciscorocha.com\/site\/wp-json\/wp\/v2\/comments?post=35"}],"version-history":[{"count":29,"href":"https:\/\/franciscorocha.com\/site\/wp-json\/wp\/v2\/pages\/35\/revisions"}],"predecessor-version":[{"id":3529,"href":"https:\/\/franciscorocha.com\/site\/wp-json\/wp\/v2\/pages\/35\/revisions\/3529"}],"wp:attachment":[{"href":"https:\/\/franciscorocha.com\/site\/wp-json\/wp\/v2\/media?parent=35"}],"curies":[{"name":"wp","href":"https:\/\/api.w.org\/{rel}","templated":true}]}}